{"id":319,"date":"2024-01-08T13:33:00","date_gmt":"2024-01-08T13:33:00","guid":{"rendered":"https:\/\/options.agence-zen.com\/?page_id=319"},"modified":"2025-09-18T04:33:22","modified_gmt":"2025-09-18T04:33:22","slug":"calculateur-en-ligne","status":"publish","type":"page","link":"http:\/\/options.agence-zen.com\/index.php\/calculateur-en-ligne\/","title":{"rendered":"Calculateur en ligne"},"content":{"rendered":"\t\t<div data-elementor-type=\"wp-page\" data-elementor-id=\"319\" class=\"elementor elementor-319\" data-elementor-post-type=\"page\">\n\t\t\t\t\t\t<section class=\"elementor-section elementor-top-section elementor-element elementor-element-510d081 elementor-section-boxed elementor-section-height-default elementor-section-height-default\" data-id=\"510d081\" data-element_type=\"section\" data-e-type=\"section\">\n\t\t\t\t\t\t<div class=\"elementor-container elementor-column-gap-default\">\n\t\t\t\t\t<div class=\"elementor-column elementor-col-100 elementor-top-column elementor-element elementor-element-9915482\" data-id=\"9915482\" data-element_type=\"column\" data-e-type=\"column\">\n\t\t\t<div class=\"elementor-widget-wrap elementor-element-populated\">\n\t\t\t\t\t\t<div class=\"elementor-element elementor-element-9be80ea elementor-widget elementor-widget-heading\" data-id=\"9be80ea\" data-element_type=\"widget\" data-e-type=\"widget\" data-widget_type=\"heading.default\">\n\t\t\t\t<div class=\"elementor-widget-container\">\n\t\t\t\t\t<p class=\"elementor-heading-title elementor-size-default\">Calculateur en ligne<\/p>\t\t\t\t<\/div>\n\t\t\t\t<\/div>\n\t\t\t\t<div class=\"elementor-element elementor-element-3586ea6 elementor-widget elementor-widget-text-editor\" data-id=\"3586ea6\" data-element_type=\"widget\" data-e-type=\"widget\" data-widget_type=\"text-editor.default\">\n\t\t\t\t<div class=\"elementor-widget-container\">\n\t\t\t\t\t\t\t\t\t<p>Cet outil permet \u00e0 vos clients de conna\u00eetre imm\u00e9diatement le prix, la taille, la quantit\u00e9, ou tout autre r\u00e9sultat calculable via une formule math\u00e9matique simple dont les variables sont d\u00e9finies en fonction des choix effectu\u00e9s dans le calculateur.<\/p><p>Exemple d&rsquo;application:<\/p><ul><li>Calculateur de prix<\/li><li>Calculateur de taille<\/li><li>Calculateur de quantit\u00e9 requise<\/li><li>Ect&#8230;<\/li><\/ul>\t\t\t\t\t\t\t\t<\/div>\n\t\t\t\t<\/div>\n\t\t<div class=\"elementor-element elementor-element-1734957 e-flex e-con-boxed e-con e-parent\" data-id=\"1734957\" data-element_type=\"container\" data-e-type=\"container\" data-settings=\"{&quot;background_background&quot;:&quot;classic&quot;}\">\n\t\t\t\t\t<div class=\"e-con-inner\">\n\t\t\t\t<div class=\"elementor-element elementor-element-dc5467f elementor-widget elementor-widget-shortcode\" data-id=\"dc5467f\" data-element_type=\"widget\" data-e-type=\"widget\" data-widget_type=\"shortcode.default\">\n\t\t\t\t<div class=\"elementor-widget-container\">\n\t\t\t\t\t<script type=\"text\/javascript\">window[\"ccb_front_template_309\"] = [];<\/script>\t\t<div class=\"elementor-shortcode\">\n<div class=\"ccb-main-widget \" id=\"ccb_app_309\" data-calc-id=\"309\"><\/div>\n<\/div>\n\t\t\t\t\t\t<\/div>\n\t\t\t\t<\/div>\n\t\t\t\t\t<\/div>\n\t\t\t\t<\/div>\n\t\t\t\t\t<\/div>\n\t\t<\/div>\n\t\t\t\t\t<\/div>\n\t\t<\/section>\n\t\t\t\t<\/div>\n\t\t","protected":false},"excerpt":{"rendered":"<p>Calculateur en ligne Cet outil permet \u00e0 vos clients de conna\u00eetre imm\u00e9diatement le prix, la taille, la quantit\u00e9, ou tout autre r\u00e9sultat calculable via une formule math\u00e9matique simple dont les variables sont d\u00e9finies en fonction des choix effectu\u00e9s dans le calculateur. Exemple d&rsquo;application: Calculateur de prix Calculateur de taille Calculateur de quantit\u00e9 requise Ect&#8230;<\/p>\n","protected":false},"author":1,"featured_media":0,"parent":0,"menu_order":0,"comment_status":"closed","ping_status":"closed","template":"","meta":{"_acf_changed":false,"footnotes":""},"class_list":["post-319","page","type-page","status-publish","hentry"],"acf":[],"_links":{"self":[{"href":"http:\/\/options.agence-zen.com\/index.php\/wp-json\/wp\/v2\/pages\/319","targetHints":{"allow":["GET"]}}],"collection":[{"href":"http:\/\/options.agence-zen.com\/index.php\/wp-json\/wp\/v2\/pages"}],"about":[{"href":"http:\/\/options.agence-zen.com\/index.php\/wp-json\/wp\/v2\/types\/page"}],"author":[{"embeddable":true,"href":"http:\/\/options.agence-zen.com\/index.php\/wp-json\/wp\/v2\/users\/1"}],"replies":[{"embeddable":true,"href":"http:\/\/options.agence-zen.com\/index.php\/wp-json\/wp\/v2\/comments?post=319"}],"version-history":[{"count":3,"href":"http:\/\/options.agence-zen.com\/index.php\/wp-json\/wp\/v2\/pages\/319\/revisions"}],"predecessor-version":[{"id":812,"href":"http:\/\/options.agence-zen.com\/index.php\/wp-json\/wp\/v2\/pages\/319\/revisions\/812"}],"wp:attachment":[{"href":"http:\/\/options.agence-zen.com\/index.php\/wp-json\/wp\/v2\/media?parent=319"}],"curies":[{"name":"wp","href":"https:\/\/api.w.org\/{rel}","templated":true}]}}