{"id":343,"date":"2024-01-08T13:43:12","date_gmt":"2024-01-08T13:43:12","guid":{"rendered":"https:\/\/options.agence-zen.com\/?page_id=343"},"modified":"2024-04-02T11:58:02","modified_gmt":"2024-04-02T11:58:02","slug":"lecteur-de-musique","status":"publish","type":"page","link":"http:\/\/options.agence-zen.com\/index.php\/lecteur-de-musique\/","title":{"rendered":"Lecteur de musique"},"content":{"rendered":"\t\t<div data-elementor-type=\"wp-page\" data-elementor-id=\"343\" class=\"elementor elementor-343\" data-elementor-post-type=\"page\">\n\t\t\t\t\t\t<section class=\"elementor-section elementor-top-section elementor-element elementor-element-4ee10bb elementor-section-boxed elementor-section-height-default elementor-section-height-default\" data-id=\"4ee10bb\" data-element_type=\"section\" data-e-type=\"section\">\n\t\t\t\t\t\t<div class=\"elementor-container elementor-column-gap-default\">\n\t\t\t\t\t<div class=\"elementor-column elementor-col-100 elementor-top-column elementor-element elementor-element-3d42df2\" data-id=\"3d42df2\" data-element_type=\"column\" data-e-type=\"column\">\n\t\t\t<div class=\"elementor-widget-wrap elementor-element-populated\">\n\t\t\t\t\t\t<div class=\"elementor-element elementor-element-dc844b5 elementor-widget elementor-widget-heading\" data-id=\"dc844b5\" data-element_type=\"widget\" data-e-type=\"widget\" data-widget_type=\"heading.default\">\n\t\t\t\t<div class=\"elementor-widget-container\">\n\t\t\t\t\t<p class=\"elementor-heading-title elementor-size-default\">Lecteur de musique int\u00e9gr\u00e9<\/p>\t\t\t\t<\/div>\n\t\t\t\t<\/div>\n\t\t\t\t<div class=\"elementor-element elementor-element-922224e elementor-widget elementor-widget-text-editor\" data-id=\"922224e\" data-element_type=\"widget\" data-e-type=\"widget\" data-widget_type=\"text-editor.default\">\n\t\t\t\t<div class=\"elementor-widget-container\">\n\t\t\t\t\t\t\t\t\t<p>Permet de pr\u00e9senter vos cr\u00e9ations musicales \u00e0 votre audience.<\/p>\t\t\t\t\t\t\t\t<\/div>\n\t\t\t\t<\/div>\n\t\t<div class=\"elementor-element elementor-element-0760474 e-flex e-con-boxed e-con e-parent\" data-id=\"0760474\" data-element_type=\"container\" data-e-type=\"container\">\n\t\t\t\t\t<div class=\"e-con-inner\">\n\t\t\t\t<div class=\"elementor-element elementor-element-440cb9a elementor-widget elementor-widget-slide-music-player-free\" data-id=\"440cb9a\" data-element_type=\"widget\" data-e-type=\"widget\" data-widget_type=\"slide-music-player-free.default\">\n\t\t\t\t<div class=\"elementor-widget-container\">\n\t\t\t\t\t\n\t\t<div class=\"swp_music_player mpfe_clearfix\" id=\"mpfe_69dfe017cd27f\" data-autoplay=\"no\" data-playmode=\"repeat\" data-stopplaylistend=\"no\" data-stopsongend=\"no\" data-repeatmode=\"unset\" data-playerimg=\"http:\/\/options.agence-zen.com\/wp-content\/uploads\/2024\/01\/167113801-fd8243b7-8465-4f82-86c1-2c54797fe296.jpeg\" data-pfs=\"no\">\n\t\t\t<div class=\"music_player_left mp_ar_tall\">\n\t\t\t\t<div class=\"album_left_overlay lc_swp_overlay\"><\/div>\n\t\t\t<\/div>\n\n\t\t\t<div class=\"music_player_right mp_ar_tall\">\n\t\t\t\t<div class=\"album_right_overlay lc_swp_overlay\"><\/div>\n\n\n\t\t\t\t\n\t\t\t\t\t\t<div class=\"swp_player_top\">\n\t\t\t<div class=\"player_top_content\">\n\t\t\t\t\t\t\t\t\t<div class=\"album_featured_text\">\n\t\t\t\t\t\tAlbum mis en avant\t\t\t\t\t<\/div>\n\t\t\t\t\n\t\t\t\t<div class=\"swp_player_title\">\n\t\t\t\t\tDernier homme debout\t\t\t\t<\/div>\n\t\t\t<\/div>\n\n\t\t\t\t\t\t<div class=\"swp_player_button_container\">\n\t\t\t\t<a class=\"mpfe_button mpfe_button_fill swp_player_button mpfe_clearfix\" href=\"#\" target=\"_self\">\n\n\t\t\t\t\t<i aria-hidden=\"true\" class=\"fab fa-apple\"><\/i>Acheter sur iTunes\t\t\t\t<\/a>\n\t\t\t<\/div>\n\t\t\t\t\t<\/div>\n\t\t\n\t\t\t\t<div class=\"swp_player_content controls_on_right\">\n\t\t\t\t\t\n\t\t<div class=\"swp_music_player_entry mpfe_clearfix\" data-mediafile=\"http:\/\/options.agence-zen.com\/wp-content\/uploads\/2024\/01\/file_example_MP3_700KB.mp3\" data-trackimg=\"\">\n\t\t\t<span class=\"swp_song_details player_entry_left\">\n\t\t\t\t<span class=\"play_icon\">\n\t\t\t\t\t<i class=\"fas fa-play before_song\"><\/i>\n\t\t\t\t<\/span>\n\t\t\t\t<span class=\"player_song_name transition3\">\n\t\t\t\t\tSomeone Like You\t\t\t\t<\/span>\n\t\t\t<\/span>\n\n\t\t\t<span class=\"entry_duration mpfe_fix_lh\"><\/span>\t\t\n\n\t\t\t<span class=\"song_buy_icons transition3 mobile_visibility_hide icons_pos_mobile_\">\n\t\t\t\t\n\t\t\t\t\t\t\t\t\t\t\t\t\t\t\t<\/span>\n\t\t<\/div>\n\n\t\t\n\t\t<div class=\"swp_music_player_entry mpfe_clearfix\" data-mediafile=\"http:\/\/options.agence-zen.com\/wp-content\/uploads\/2024\/01\/file_example_MP3_700KB.mp3\" data-trackimg=\"\">\n\t\t\t<span class=\"swp_song_details player_entry_left\">\n\t\t\t\t<span class=\"play_icon\">\n\t\t\t\t\t<i class=\"fas fa-play before_song\"><\/i>\n\t\t\t\t<\/span>\n\t\t\t\t<span class=\"player_song_name transition3\">\n\t\t\t\t\tSomeone Like You\t\t\t\t<\/span>\n\t\t\t<\/span>\n\n\t\t\t<span class=\"entry_duration mpfe_fix_lh\"><\/span>\t\t\n\n\t\t\t<span class=\"song_buy_icons transition3 mobile_visibility_hide icons_pos_mobile_\">\n\t\t\t\t\n\t\t\t\t\t\t\t\t\t\t\t\t\t\t\t<\/span>\n\t\t<\/div>\n\n\t\t\n\t\t<div class=\"swp_music_player_entry mpfe_clearfix\" data-mediafile=\"http:\/\/options.agence-zen.com\/wp-content\/uploads\/2024\/01\/file_example_MP3_700KB.mp3\" data-trackimg=\"\">\n\t\t\t<span class=\"swp_song_details player_entry_left\">\n\t\t\t\t<span class=\"play_icon\">\n\t\t\t\t\t<i class=\"fas fa-play before_song\"><\/i>\n\t\t\t\t<\/span>\n\t\t\t\t<span class=\"player_song_name transition3\">\n\t\t\t\t\tSomeone Like You\t\t\t\t<\/span>\n\t\t\t<\/span>\n\n\t\t\t<span class=\"entry_duration mpfe_fix_lh\"><\/span>\t\t\n\n\t\t\t<span class=\"song_buy_icons transition3 mobile_visibility_hide icons_pos_mobile_\">\n\t\t\t\t\n\t\t\t\t\t\t\t\t\t\t\t\t\t\t\t<\/span>\n\t\t<\/div>\n\n\t\t\n\t\t<div class=\"swp_music_player_entry mpfe_clearfix\" data-mediafile=\"http:\/\/options.agence-zen.com\/wp-content\/uploads\/2024\/01\/file_example_MP3_700KB.mp3\" data-trackimg=\"\">\n\t\t\t<span class=\"swp_song_details player_entry_left\">\n\t\t\t\t<span class=\"play_icon\">\n\t\t\t\t\t<i class=\"fas fa-play before_song\"><\/i>\n\t\t\t\t<\/span>\n\t\t\t\t<span class=\"player_song_name transition3\">\n\t\t\t\t\tSomeone Like You\t\t\t\t<\/span>\n\t\t\t<\/span>\n\n\t\t\t<span class=\"entry_duration mpfe_fix_lh\"><\/span>\t\t\n\n\t\t\t<span class=\"song_buy_icons transition3 mobile_visibility_hide icons_pos_mobile_\">\n\t\t\t\t\n\t\t\t\t\t\t\t\t\t\t\t\t\t\t\t<\/span>\n\t\t<\/div>\n\n\t\t\t\t\t\t<\/div>\n\t\t\t\t\t\n\n\t\t\t\t\n\t\t\t\t\n\t\t<div class=\"swp_player_bottom show_on_right\">\n\t\t\t<div class=\"swp_player_bottom_inner\">\n\t\t\t\t\t\t\t\t<div class=\"smc_player_progress_bar\">\n\t\t\t\t\t<div class=\"player_time_slider_base\"><\/div>\n\t\t\t\t\t<div class=\"player_time_slider\"><\/div>\n\t\t\t\t<\/div>\n\t\t\t\t\n\t\t\t\t<div class=\"swp_current_play\">\n\t\t\t\t\t<div class=\"before_current_song_name\">A l\u2019\u00e9coute<\/div>\n\t\t\t\t\t<div class=\"current_song_name\"><\/div>\n\t\t\t\t<\/div>\n\n\t\t\t\t<div class=\"swp_player_controls\">\n\t\t\t\t\t\t\t\t\t\t<a href=\"#!\" class=\"mpfe-sr-helper\">\n\t\t\t\t\t\t<i class=\"fas fa-step-backward\"><\/i>\n\t\t\t\t\t\t<span class=\"visually-hidden\">Chanson pr\u00e9c\u00e9dente<\/span>\n\t\t\t\t\t<\/a>\n\t\t\t\t\t<a href=\"#!\" class=\"mpfe-sr-helper\">\n\t\t\t\t\t\t<i class=\"fas fa-play player_play\"><\/i>\n\t\t\t\t\t\t<span class=\"visually-hidden\">Lecture<\/span>\n\t\t\t\t\t<\/a>\n\t\t\t\t\t<a href=\"#!\" class=\"mpfe-sr-helper\">\n\t\t\t\t\t\t<i class=\"fas fa-pause player_pause display_none\"><\/i>\n\t\t\t\t\t\t<span class=\"visually-hidden\">Mettre en pause<\/span>\n\t\t\t\t\t<\/a>\n\t\t\t\t\t<a href=\"#!\" class=\"mpfe-sr-helper\">\n\t\t\t\t\t\t<i class=\"fas fa-step-forward\"><\/i>\n\t\t\t\t\t\t<span class=\"visually-hidden\">Chanson suivante<\/span>\n\t\t\t\t\t<\/a>\n\t\t\t\t\t\t\t\t\t<\/div>\n\n\t\t\t\t<div class=\"swp_timeline\">\n\t\t\t\t\t<span class=\"song_current_progress\"><\/span>\n\t\t\t\t\t<span class=\"player_duration_sep\">&#47;<\/span>\n\t\t\t\t\t<span class=\"song_duration\"><\/span>\n\t\t\t\t<\/div>\n\n\t\t\t\t\t\t\t<\/div>\n\t\t<\/div>\n\t\t\t\t\t<\/div>\n\n\t\t\t\t\t<\/div>\n\n\t\t\t\t\t<\/div>\n\t\t\t\t<\/div>\n\t\t\t\t\t<\/div>\n\t\t\t\t<\/div>\n\t\t<div class=\"elementor-element elementor-element-3fdb2ff e-flex e-con-boxed e-con e-parent\" data-id=\"3fdb2ff\" data-element_type=\"container\" data-e-type=\"container\" data-settings=\"{&quot;background_background&quot;:&quot;classic&quot;}\">\n\t\t\t\t\t<div class=\"e-con-inner\">\n\t\t<div class=\"elementor-element elementor-element-c58a839 e-con-full e-flex e-con e-child\" data-id=\"c58a839\" data-element_type=\"container\" data-e-type=\"container\">\n\t\t\t\t<div class=\"elementor-element elementor-element-bf5ac34 elementor-widget elementor-widget-heading\" data-id=\"bf5ac34\" data-element_type=\"widget\" data-e-type=\"widget\" data-widget_type=\"heading.default\">\n\t\t\t\t<div class=\"elementor-widget-container\">\n\t\t\t\t\t<p class=\"elementor-heading-title elementor-size-default\">Design 1 (morceau uniquement)<\/p>\t\t\t\t<\/div>\n\t\t\t\t<\/div>\n\t\t\t\t<\/div>\n\t\t<div class=\"elementor-element elementor-element-c3c2ae7 e-con-full e-flex e-con e-child\" data-id=\"c3c2ae7\" data-element_type=\"container\" data-e-type=\"container\">\n\t\t\t\t<div class=\"elementor-element elementor-element-933ae01 elementor-widget elementor-widget-heading\" data-id=\"933ae01\" data-element_type=\"widget\" data-e-type=\"widget\" data-widget_type=\"heading.default\">\n\t\t\t\t<div class=\"elementor-widget-container\">\n\t\t\t\t\t<p class=\"elementor-heading-title elementor-size-default\">Design 1 (morceau + playlist)<\/p>\t\t\t\t<\/div>\n\t\t\t\t<\/div>\n\t\t\t\t<\/div>\n\t\t\t\t<div class=\"elementor-element elementor-element-a8e3211 elementor-widget-divider--view-line elementor-widget elementor-widget-divider\" data-id=\"a8e3211\" data-element_type=\"widget\" data-e-type=\"widget\" data-widget_type=\"divider.default\">\n\t\t\t\t<div class=\"elementor-widget-container\">\n\t\t\t\t\t\t\t<div class=\"elementor-divider\">\n\t\t\t<span class=\"elementor-divider-separator\">\n\t\t\t\t\t\t<\/span>\n\t\t<\/div>\n\t\t\t\t\t\t<\/div>\n\t\t\t\t<\/div>\n\t\t<div class=\"elementor-element elementor-element-54f16ee e-con-full e-flex e-con e-child\" data-id=\"54f16ee\" data-element_type=\"container\" data-e-type=\"container\">\n\t\t\t\t<div class=\"elementor-element elementor-element-8a80c96 elementor-widget elementor-widget-heading\" data-id=\"8a80c96\" data-element_type=\"widget\" data-e-type=\"widget\" data-widget_type=\"heading.default\">\n\t\t\t\t<div class=\"elementor-widget-container\">\n\t\t\t\t\t<p class=\"elementor-heading-title elementor-size-default\">Design 2 (morceau uniquement)<\/p>\t\t\t\t<\/div>\n\t\t\t\t<\/div>\n\t\t\t\t<\/div>\n\t\t<div class=\"elementor-element elementor-element-a3b8e06 e-con-full e-flex e-con e-child\" data-id=\"a3b8e06\" data-element_type=\"container\" data-e-type=\"container\">\n\t\t\t\t<div class=\"elementor-element elementor-element-713e523 elementor-widget elementor-widget-heading\" data-id=\"713e523\" data-element_type=\"widget\" data-e-type=\"widget\" data-widget_type=\"heading.default\">\n\t\t\t\t<div class=\"elementor-widget-container\">\n\t\t\t\t\t<p class=\"elementor-heading-title elementor-size-default\">Design 2 (morceau + playlist)<\/p>\t\t\t\t<\/div>\n\t\t\t\t<\/div>\n\t\t\t\t<\/div>\n\t\t\t\t<div class=\"elementor-element elementor-element-9e3c4f1 elementor-widget-divider--view-line elementor-widget elementor-widget-divider\" data-id=\"9e3c4f1\" data-element_type=\"widget\" data-e-type=\"widget\" data-widget_type=\"divider.default\">\n\t\t\t\t<div class=\"elementor-widget-container\">\n\t\t\t\t\t\t\t<div class=\"elementor-divider\">\n\t\t\t<span class=\"elementor-divider-separator\">\n\t\t\t\t\t\t<\/span>\n\t\t<\/div>\n\t\t\t\t\t\t<\/div>\n\t\t\t\t<\/div>\n\t\t<div class=\"elementor-element elementor-element-9e2c6aa e-con-full e-flex e-con e-child\" data-id=\"9e2c6aa\" data-element_type=\"container\" data-e-type=\"container\">\n\t\t\t\t<div class=\"elementor-element elementor-element-a078cad elementor-widget elementor-widget-heading\" data-id=\"a078cad\" data-element_type=\"widget\" data-e-type=\"widget\" data-widget_type=\"heading.default\">\n\t\t\t\t<div class=\"elementor-widget-container\">\n\t\t\t\t\t<p class=\"elementor-heading-title elementor-size-default\">Design 3 (morceau uniquement)<\/p>\t\t\t\t<\/div>\n\t\t\t\t<\/div>\n\t\t\t\t<\/div>\n\t\t<div class=\"elementor-element elementor-element-a55bf69 e-con-full e-flex e-con e-child\" data-id=\"a55bf69\" data-element_type=\"container\" data-e-type=\"container\">\n\t\t\t\t<div class=\"elementor-element elementor-element-6e7c464 elementor-widget elementor-widget-heading\" data-id=\"6e7c464\" data-element_type=\"widget\" data-e-type=\"widget\" data-widget_type=\"heading.default\">\n\t\t\t\t<div class=\"elementor-widget-container\">\n\t\t\t\t\t<p class=\"elementor-heading-title elementor-size-default\">Design 3 (morceau + playlist)<\/p>\t\t\t\t<\/div>\n\t\t\t\t<\/div>\n\t\t\t\t<\/div>\n\t\t\t\t\t<\/div>\n\t\t\t\t<\/div>\n\t\t\t\t\t<\/div>\n\t\t<\/div>\n\t\t\t\t\t<\/div>\n\t\t<\/section>\n\t\t\t\t<\/div>\n\t\t","protected":false},"excerpt":{"rendered":"<p>Lecteur de musique int\u00e9gr\u00e9 Permet de pr\u00e9senter vos cr\u00e9ations musicales \u00e0 votre audience. Album mis en avant Dernier homme debout Acheter sur iTunes Someone Like You Someone Like You Someone Like You Someone Like You A l\u2019\u00e9coute Chanson pr\u00e9c\u00e9dente Lecture Mettre en pause Chanson suivante &#47; Design 1 (morceau uniquement) 00:00 Design 1 (morceau + [&hellip;]<\/p>\n","protected":false},"author":1,"featured_media":0,"parent":0,"menu_order":0,"comment_status":"closed","ping_status":"closed","template":"","meta":{"_acf_changed":false,"footnotes":""},"class_list":["post-343","page","type-page","status-publish","hentry"],"acf":[],"_links":{"self":[{"href":"http:\/\/options.agence-zen.com\/index.php\/wp-json\/wp\/v2\/pages\/343","targetHints":{"allow":["GET"]}}],"collection":[{"href":"http:\/\/options.agence-zen.com\/index.php\/wp-json\/wp\/v2\/pages"}],"about":[{"href":"http:\/\/options.agence-zen.com\/index.php\/wp-json\/wp\/v2\/types\/page"}],"author":[{"embeddable":true,"href":"http:\/\/options.agence-zen.com\/index.php\/wp-json\/wp\/v2\/users\/1"}],"replies":[{"embeddable":true,"href":"http:\/\/options.agence-zen.com\/index.php\/wp-json\/wp\/v2\/comments?post=343"}],"version-history":[{"count":3,"href":"http:\/\/options.agence-zen.com\/index.php\/wp-json\/wp\/v2\/pages\/343\/revisions"}],"predecessor-version":[{"id":762,"href":"http:\/\/options.agence-zen.com\/index.php\/wp-json\/wp\/v2\/pages\/343\/revisions\/762"}],"wp:attachment":[{"href":"http:\/\/options.agence-zen.com\/index.php\/wp-json\/wp\/v2\/media?parent=343"}],"curies":[{"name":"wp","href":"https:\/\/api.w.org\/{rel}","templated":true}]}}