{"id":436,"date":"2024-01-08T20:56:41","date_gmt":"2024-01-08T20:56:41","guid":{"rendered":"https:\/\/options.agence-zen.com\/?page_id=436"},"modified":"2024-01-26T08:42:23","modified_gmt":"2024-01-26T08:42:23","slug":"reservation-devenement","status":"publish","type":"page","link":"http:\/\/options.agence-zen.com\/index.php\/reservation-devenement\/","title":{"rendered":"R\u00e9servation d&rsquo;\u00e9v\u00e8nement en ligne"},"content":{"rendered":"\t\t<div data-elementor-type=\"wp-page\" data-elementor-id=\"436\" class=\"elementor elementor-436\" data-elementor-post-type=\"page\">\n\t\t\t\t\t\t<section class=\"elementor-section elementor-top-section elementor-element elementor-element-2aa5292 elementor-section-boxed elementor-section-height-default elementor-section-height-default\" data-id=\"2aa5292\" data-element_type=\"section\" data-e-type=\"section\">\n\t\t\t\t\t\t<div class=\"elementor-container elementor-column-gap-default\">\n\t\t\t\t\t<div class=\"elementor-column elementor-col-100 elementor-top-column elementor-element elementor-element-fb6b430\" data-id=\"fb6b430\" data-element_type=\"column\" data-e-type=\"column\">\n\t\t\t<div class=\"elementor-widget-wrap elementor-element-populated\">\n\t\t\t\t\t\t<div class=\"elementor-element elementor-element-f3acfe4 elementor-widget elementor-widget-heading\" data-id=\"f3acfe4\" data-element_type=\"widget\" data-e-type=\"widget\" data-widget_type=\"heading.default\">\n\t\t\t\t<div class=\"elementor-widget-container\">\n\t\t\t\t\t<p class=\"elementor-heading-title elementor-size-default\">R\u00e9servation d&rsquo;\u00e9v\u00e8nement en ligne<\/p>\t\t\t\t<\/div>\n\t\t\t\t<\/div>\n\t\t\t\t<div class=\"elementor-element elementor-element-9351f53 elementor-widget elementor-widget-text-editor\" data-id=\"9351f53\" data-element_type=\"widget\" data-e-type=\"widget\" data-widget_type=\"text-editor.default\">\n\t\t\t\t<div class=\"elementor-widget-container\">\n\t\t\t\t\t\t\t\t\t<p>Cet agenda en ligne permet \u00e0 vos clients de r\u00e9server un cr\u00e9neau horaire automatiquement.<\/p><ul><li>Synchronisation de vos disponibilit\u00e9s avec votre agenda Google Agenda<\/li><li>Ajout automatique des cr\u00e9neaux horaires r\u00e9serv\u00e9s dans votre agenda Google Agenda<\/li><li>Paiement en ligne via Paypal, Stripe, ou Mollie (Paiement int\u00e9gr\u00e9 au formulaire de r\u00e9servation)<\/li><\/ul>\t\t\t\t\t\t\t\t<\/div>\n\t\t\t\t<\/div>\n\t\t<div class=\"elementor-element elementor-element-d9d47f7 e-flex e-con-boxed e-con e-parent\" data-id=\"d9d47f7\" data-element_type=\"container\" data-e-type=\"container\" data-settings=\"{&quot;background_background&quot;:&quot;classic&quot;}\">\n\t\t\t\t\t<div class=\"e-con-inner\">\n\t\t\t\t<div class=\"elementor-element elementor-element-706b47e elementor-widget elementor-widget-stepbooking\" data-id=\"706b47e\" data-element_type=\"widget\" data-e-type=\"widget\" data-widget_type=\"stepbooking.default\">\n\t\t\t\t<div class=\"elementor-widget-container\">\n\t\t\t\t\t\n<script>\n  if (typeof hasAmeliaEntitiesApiCall === 'undefined' && '' === '') {\n    var hasAmeliaEntitiesApiCall = true;\n  }\n  var ameliaShortcodeData = (typeof ameliaShortcodeData === 'undefined') ? [] : ameliaShortcodeData;\n  ameliaShortcodeData.push(\n    {\n      'hasApiCall': (typeof hasAmeliaEntitiesApiCall !== 'undefined') && hasAmeliaEntitiesApiCall,\n      'trigger': '',\n      'trigger_type': '',\n      'triggered_form': 'sbsNew',\n      'in_dialog': '',\n      'show': '',\n      'counter': '1000',\n      'category': '',\n      'service': '',\n      'employee': '',\n      'location': '',\n      'package': ''\n    }\n  );\n\n  var ameliaShortcodeDataTriggered = (typeof ameliaShortcodeDataTriggered === 'undefined') ? [] : ameliaShortcodeDataTriggered;\n  if (ameliaShortcodeData[ameliaShortcodeData.length - 1].trigger !== '') {\n    if (ameliaShortcodeDataTriggered.filter(a => a.counter === ameliaShortcodeData[ameliaShortcodeData.length - 1].counter).length === 0) {\n      ameliaShortcodeDataTriggered.push(ameliaShortcodeData.pop());\n    } else {\n      ameliaShortcodeData.pop()\n    }\n  }\n  if (typeof hasAmeliaEntitiesApiCall !== 'undefined' && hasAmeliaEntitiesApiCall) {\n    hasAmeliaEntitiesApiCall = false;\n  }\n<\/script>\n\n<div\n  id=\"amelia-v2-booking-1000\"\n  class=\"amelia-v2-booking\"\n >\n    <step-form-wrapper><\/step-form-wrapper><\/div>\n\t\t\t\t<\/div>\n\t\t\t\t<\/div>\n\t\t\t\t\t<\/div>\n\t\t\t\t<\/div>\n\t\t\t\t\t<\/div>\n\t\t<\/div>\n\t\t\t\t\t<\/div>\n\t\t<\/section>\n\t\t\t\t<\/div>\n\t\t","protected":false},"excerpt":{"rendered":"<p>Cet agenda en ligne permet \u00e0 vos clients de r\u00e9server un cr\u00e9neau horaire automatiquement. Synchronisation de vos disponibilit\u00e9s avec votre agenda Google Agenda Ajout automatique des cr\u00e9neaux horaires r\u00e9serv\u00e9s dans votre agenda Google Agenda Paiement en ligne via Paypal, Stripe, ou Mollie (Paiement int\u00e9gr\u00e9 au formulaire de r\u00e9servation)<\/p>\n","protected":false},"author":1,"featured_media":0,"parent":0,"menu_order":0,"comment_status":"closed","ping_status":"closed","template":"","meta":{"_acf_changed":false,"footnotes":""},"class_list":["post-436","page","type-page","status-publish","hentry"],"acf":[],"_links":{"self":[{"href":"http:\/\/options.agence-zen.com\/index.php\/wp-json\/wp\/v2\/pages\/436","targetHints":{"allow":["GET"]}}],"collection":[{"href":"http:\/\/options.agence-zen.com\/index.php\/wp-json\/wp\/v2\/pages"}],"about":[{"href":"http:\/\/options.agence-zen.com\/index.php\/wp-json\/wp\/v2\/types\/page"}],"author":[{"embeddable":true,"href":"http:\/\/options.agence-zen.com\/index.php\/wp-json\/wp\/v2\/users\/1"}],"replies":[{"embeddable":true,"href":"http:\/\/options.agence-zen.com\/index.php\/wp-json\/wp\/v2\/comments?post=436"}],"version-history":[{"count":3,"href":"http:\/\/options.agence-zen.com\/index.php\/wp-json\/wp\/v2\/pages\/436\/revisions"}],"predecessor-version":[{"id":740,"href":"http:\/\/options.agence-zen.com\/index.php\/wp-json\/wp\/v2\/pages\/436\/revisions\/740"}],"wp:attachment":[{"href":"http:\/\/options.agence-zen.com\/index.php\/wp-json\/wp\/v2\/media?parent=436"}],"curies":[{"name":"wp","href":"https:\/\/api.w.org\/{rel}","templated":true}]}}